{"id":9623,"date":"2023-02-14T09:55:06","date_gmt":"2023-02-14T09:55:06","guid":{"rendered":"https:\/\/challengelittaamir.ma\/fr\/?page_id=9623"},"modified":"2023-03-10T09:25:19","modified_gmt":"2023-03-10T09:25:19","slug":"a-propos","status":"publish","type":"page","link":"https:\/\/challengelittaamir.ma\/fr\/a-propos\/","title":{"rendered":"\u00c0-propos"},"content":{"rendered":"\t\t<div data-elementor-type=\"wp-page\" data-elementor-id=\"9623\" class=\"elementor elementor-9623\" data-elementor-settings=\"{&quot;ha_cmc_init_switcher&quot;:&quot;no&quot;}\">\n\t\t\t\t\t\t<section class=\"elementor-section elementor-top-section elementor-element elementor-element-14af4d3 elementor-section-stretched elementor-section-full_width elementor-section-height-default elementor-section-height-default wpr-particle-no wpr-jarallax-no wpr-parallax-no wpr-sticky-section-no\" data-id=\"14af4d3\" data-element_type=\"section\" data-settings=\"{&quot;stretch_section&quot;:&quot;section-stretched&quot;,&quot;_ha_eqh_enable&quot;:false}\">\n\t\t\t\t\t\t<div class=\"elementor-container elementor-column-gap-extended\">\n\t\t\t\t\t<div class=\"elementor-column elementor-col-100 elementor-top-column elementor-element elementor-element-8c35721\" data-id=\"8c35721\" data-element_type=\"column\">\n\t\t\t<div class=\"elementor-widget-wrap elementor-element-populated\">\n\t\t\t\t\t\t<div class=\"elementor-element elementor-element-3e1019a elementor-widget__width-inherit elementor-widget elementor-widget-apus_element_revslider\" data-id=\"3e1019a\" data-element_type=\"widget\" data-settings=\"{&quot;ekit_we_effect_on&quot;:&quot;none&quot;}\" data-widget_type=\"apus_element_revslider.default\">\n\t\t\t\t<div class=\"elementor-widget-container\">\n\t\t\t        <div class=\"widget-revslider \">\r\n            \n\t\t\t<!-- START Home 3 11 REVOLUTION SLIDER 6.6.14 --><p class=\"rs-p-wp-fix\"><\/p>\n\t\t\t<rs-module-wrap id=\"rev_slider_9_1_wrapper\" data-source=\"gallery\" style=\"visibility:hidden;background:transparent;padding:0;\">\n\t\t\t\t<rs-module id=\"rev_slider_9_1\" style=\"\" data-version=\"6.6.14\">\n\t\t\t\t\t<rs-slides style=\"overflow: hidden; position: absolute;\">\n\t\t\t\t\t\t<rs-slide style=\"position: absolute;\" data-key=\"rs-32\" data-title=\"Slide\" data-anim=\"adpr:false;\" data-in=\"o:0;\" data-out=\"a:false;\">\n\t\t\t\t\t\t\t<img fetchpriority=\"high\" decoding=\"async\" src=\"\/\/challengelittaamir.ma\/fr\/wp-content\/plugins\/revslider\/public\/assets\/assets\/dummy.png\" alt=\"\" title=\"image (9)-min\" width=\"2340\" height=\"1316\" class=\"rev-slidebg tp-rs-img rs-lazyload\" data-lazyload=\"\/\/challengelittaamir.ma\/fr\/wp-content\/uploads\/2023\/03\/image-9-min.png\" data-panzoom=\"d:20000;ss:100;se:120;\" data-no-retina>\n<!--\n\t\t\t\t\t\t\t--><rs-layer\n\t\t\t\t\t\t\t\tid=\"slider-9-slide-32-layer-1\" \n\t\t\t\t\t\t\t\tclass=\"Custom-Slider-Text-Lg\"\n\t\t\t\t\t\t\t\tdata-type=\"text\"\n\t\t\t\t\t\t\t\tdata-rsp_ch=\"on\"\n\t\t\t\t\t\t\t\tdata-xy=\"x:c;xo:-31px,5px,-5px,0;y:m;yo:37px,19px,2px,8px;\"\n\t\t\t\t\t\t\t\tdata-text=\"w:normal;s:50,29,23,18;l:55,32,29,23;a:center;\"\n\t\t\t\t\t\t\t\tdata-dim=\"w:1750px,996px,752px,449px;h:255px,auto,auto,auto;\"\n\t\t\t\t\t\t\t\tdata-frame_0=\"y:-100%;o:1;\"\n\t\t\t\t\t\t\t\tdata-frame_0_mask=\"u:t;\"\n\t\t\t\t\t\t\t\tdata-frame_1=\"st:300;sp:600;sR:300;\"\n\t\t\t\t\t\t\t\tdata-frame_1_mask=\"u:t;\"\n\t\t\t\t\t\t\t\tdata-frame_999=\"o:0;st:w;sR:8100;\"\n\t\t\t\t\t\t\t\tstyle=\"z-index:5;font-family:'Lora';\"\n\t\t\t\t\t\t\t>CHALLENGE LITTAAMIR, groupe immobilier propri\u00e9taire de plusieurs projets \u00e9conomiques, moyens et haut-standings<br \/>\n \n\t\t\t\t\t\t\t<\/rs-layer><!--\n\n\t\t\t\t\t\t\t--><rs-layer\n\t\t\t\t\t\t\t\tid=\"slider-9-slide-32-layer-8\" \n\t\t\t\t\t\t\t\tclass=\"rev-btn\"\n\t\t\t\t\t\t\t\tdata-type=\"button\"\n\t\t\t\t\t\t\t\tdata-xy=\"x:c;xo:-20px,0,-1px,-2px;y:m;yo:80px,122px,90px,83px;\"\n\t\t\t\t\t\t\t\tdata-text=\"w:normal,nowrap,nowrap,nowrap;s:11,16,12,11;l:32,46,34,27;ls:0,0px,0px,0px;fw:600;a:center;\"\n\t\t\t\t\t\t\t\tdata-actions='id:challengetop;o:click;a:scrollto;sp:1000ms;e:power1.inOut;'\n\t\t\t\t\t\t\t\tdata-rsp_bd=\"off\"\n\t\t\t\t\t\t\t\tdata-padding=\"r:25,35,26,17;l:25,35,26,17;\"\n\t\t\t\t\t\t\t\tdata-frame_0=\"y:-100%;o:1;\"\n\t\t\t\t\t\t\t\tdata-frame_0_mask=\"u:t;\"\n\t\t\t\t\t\t\t\tdata-frame_1=\"st:1300;sp:600;sR:1300;\"\n\t\t\t\t\t\t\t\tdata-frame_1_mask=\"u:t;\"\n\t\t\t\t\t\t\t\tdata-frame_999=\"o:0;st:w;sR:7100;\"\n\t\t\t\t\t\t\t\tdata-frame_hover=\"c:#287399;bgc:#fff;boc:#287399;bor:0px,0px,0px,0px;bos:solid;bow:0px,0px,0px,0px;oX:50;oY:50;sp:500;e:power0.in;\"\n\t\t\t\t\t\t\t\tstyle=\"z-index:7;background-color:#1d6c94;font-family:'Muli';cursor:pointer;outline:none;box-shadow:none;box-sizing:border-box;-moz-box-sizing:border-box;-webkit-box-sizing:border-box;\"\n\t\t\t\t\t\t\t>Voir plus \n\t\t\t\t\t\t\t<\/rs-layer><!--\n-->\t\t\t\t\t\t<\/rs-slide>\n\t\t\t\t\t<\/rs-slides>\n\t\t\t\t<\/rs-module>\n\t\t\t\t<script>\n\t\t\t\t\tsetREVStartSize({c: 'rev_slider_9_1',rl:[1240,1024,778,480],el:[1080,768,600,520],gw:[1240,1024,778,480],gh:[1080,768,600,520],type:'standard',justify:'',layout:'fullscreen',offsetContainer:'',offset:'',mh:\"0\"});if (window.RS_MODULES!==undefined && window.RS_MODULES.modules!==undefined && window.RS_MODULES.modules[\"revslider91\"]!==undefined) {window.RS_MODULES.modules[\"revslider91\"].once = false;window.revapi9 = undefined;if (window.RS_MODULES.checkMinimal!==undefined) window.RS_MODULES.checkMinimal()}\n\t\t\t\t<\/script>\n\t\t\t<\/rs-module-wrap>\n\t\t\t<!-- END REVOLUTION SLIDER -->\n        <\/div>\r\n        \t\t<\/div>\n\t\t\t\t<\/div>\n\t\t\t\t\t<\/div>\n\t\t<\/div>\n\t\t\t\t\t<\/div>\n\t\t<\/section>\n\t\t\t\t<section class=\"elementor-section elementor-top-section elementor-element elementor-element-aa46a31 elementor-section-content-middle elementor-section-stretched elementor-section-boxed elementor-section-height-default elementor-section-height-default wpr-particle-no wpr-jarallax-no wpr-parallax-no wpr-sticky-section-no\" data-id=\"aa46a31\" data-element_type=\"section\" data-settings=\"{&quot;stretch_section&quot;:&quot;section-stretched&quot;,&quot;background_background&quot;:&quot;classic&quot;,&quot;_ha_eqh_enable&quot;:false}\">\n\t\t\t\t\t\t<div class=\"elementor-container elementor-column-gap-default\">\n\t\t\t\t\t<div class=\"elementor-column elementor-col-50 elementor-top-column elementor-element elementor-element-ee1442a\" data-id=\"ee1442a\" data-element_type=\"column\">\n\t\t\t<div class=\"elementor-widget-wrap elementor-element-populated\">\n\t\t\t\t\t\t<div class=\"elementor-element elementor-element-fbabb27 elementor-invisible elementor-widget elementor-widget-heading\" data-id=\"fbabb27\" data-element_type=\"widget\" data-settings=\"{&quot;_animation&quot;:&quot;bounceIn&quot;,&quot;ekit_we_effect_on&quot;:&quot;none&quot;}\" data-widget_type=\"heading.default\">\n\t\t\t\t<div class=\"elementor-widget-container\">\n\t\t\t<h2 class=\"elementor-heading-title elementor-size-default\">Qui sommes-nous ?<\/h2>\t\t<\/div>\n\t\t\t\t<\/div>\n\t\t\t\t<div class=\"elementor-element elementor-element-bfe8ff5 elementor-widget-divider--view-line elementor-widget elementor-widget-divider\" data-id=\"bfe8ff5\" data-element_type=\"widget\" data-settings=\"{&quot;ekit_we_effect_on&quot;:&quot;none&quot;}\" data-widget_type=\"divider.default\">\n\t\t\t\t<div class=\"elementor-widget-container\">\n\t\t\t\t\t<div class=\"elementor-divider\">\n\t\t\t<span class=\"elementor-divider-separator\">\n\t\t\t\t\t\t<\/span>\n\t\t<\/div>\n\t\t\t\t<\/div>\n\t\t\t\t<\/div>\n\t\t\t\t<div class=\"elementor-element elementor-element-21351e3 elementor-widget elementor-widget-text-editor\" data-id=\"21351e3\" data-element_type=\"widget\" data-settings=\"{&quot;ekit_we_effect_on&quot;:&quot;none&quot;}\" data-widget_type=\"text-editor.default\">\n\t\t\t\t<div class=\"elementor-widget-container\">\n\t\t\t\t\t\t\t<p class=\"paragraph-spacing1\">Challenge Littaamir est un groupe immobilier fond\u00e9 par des professionnels exp\u00e9riment\u00e9s dans le domaine.<\/p>\n<p class=\"paragraph-spacing\">Soucieux de la qualit\u00e9, le groupe a rapidement acquis une r\u00e9putation d\u2019excellence et de fiabilit\u00e9 et n\u2019a pas tard\u00e9 \u00e0 \u00e9tendre ses activit\u00e9s dans le secteur \u00e9conomique, moyen et haut standing.<\/p>\n<p class=\"paragraph-spacing\">En accord avec les valeurs de qualit\u00e9 et d\u2019innovation, chaque projet suit des normes strictes et exigeantes en terme de mat\u00e9riaux, d\u2019accessoires, d\u2019\u00e9quipements et de finition irr\u00e9prochable.<\/p>\nDe la premi\u00e8re visite \u00e0 la livraison, les agents Challenge Littaamir vous offrent une exp\u00e9rience in\u00e9gal\u00e9e.\t\t\t\t\t\t<\/div>\n\t\t\t\t<\/div>\n\t\t\t\t\t<\/div>\n\t\t<\/div>\n\t\t\t\t<div class=\"elementor-column elementor-col-50 elementor-top-column elementor-element elementor-element-30d68f4\" data-id=\"30d68f4\" data-element_type=\"column\">\n\t\t\t<div class=\"elementor-widget-wrap elementor-element-populated\">\n\t\t\t\t\t\t<div class=\"elementor-element elementor-element-475a42f elementor-widget elementor-widget-image\" data-id=\"475a42f\" data-element_type=\"widget\" data-settings=\"{&quot;ha_floating_fx&quot;:&quot;yes&quot;,&quot;_animation&quot;:&quot;none&quot;,&quot;ekit_we_effect_on&quot;:&quot;none&quot;}\" data-widget_type=\"image.default\">\n\t\t\t\t<div class=\"elementor-widget-container\">\n\t\t\t\t\t\t\t\t\t\t\t\t\t<img decoding=\"async\" width=\"425\" height=\"500\" src=\"https:\/\/challengelittaamir.ma\/fr\/wp-content\/uploads\/2023\/01\/Qui-Sommes-Nous.png\" class=\"attachment-full size-full wp-image-9096\" alt=\"\" srcset=\"https:\/\/challengelittaamir.ma\/fr\/wp-content\/uploads\/2023\/01\/Qui-Sommes-Nous.png 425w, https:\/\/challengelittaamir.ma\/fr\/wp-content\/uploads\/2023\/01\/Qui-Sommes-Nous-255x300.png 255w\" sizes=\"(max-width: 425px) 100vw, 425px\" \/>\t\t\t\t\t\t\t\t\t\t\t\t\t<\/div>\n\t\t\t\t<\/div>\n\t\t\t\t\t<\/div>\n\t\t<\/div>\n\t\t\t\t\t<\/div>\n\t\t<\/section>\n\t\t\t\t<section class=\"elementor-section elementor-top-section elementor-element elementor-element-887a44a elementor-section-boxed elementor-section-height-default elementor-section-height-default wpr-particle-no wpr-jarallax-no wpr-parallax-no wpr-sticky-section-no\" data-id=\"887a44a\" data-element_type=\"section\" data-settings=\"{&quot;_ha_eqh_enable&quot;:false}\">\n\t\t\t\t\t\t<div class=\"elementor-container elementor-column-gap-default\">\n\t\t\t\t\t<div class=\"elementor-column elementor-col-100 elementor-top-column elementor-element elementor-element-ca8c095\" data-id=\"ca8c095\" data-element_type=\"column\">\n\t\t\t<div class=\"elementor-widget-wrap elementor-element-populated\">\n\t\t\t\t\t\t<section class=\"elementor-section elementor-inner-section elementor-element elementor-element-2c8fb72 elementor-section-boxed elementor-section-height-default elementor-section-height-default wpr-particle-no wpr-jarallax-no wpr-parallax-no wpr-sticky-section-no\" data-id=\"2c8fb72\" data-element_type=\"section\" data-settings=\"{&quot;_ha_eqh_enable&quot;:false}\">\n\t\t\t\t\t\t<div class=\"elementor-container elementor-column-gap-extended\">\n\t\t\t\t\t<div class=\"elementor-column elementor-col-25 elementor-inner-column elementor-element elementor-element-8b685c4\" data-id=\"8b685c4\" data-element_type=\"column\">\n\t\t\t<div class=\"elementor-widget-wrap elementor-element-populated\">\n\t\t\t\t\t\t<div class=\"elementor-element elementor-element-db665cf elementor-widget elementor-widget-counter\" data-id=\"db665cf\" data-element_type=\"widget\" data-settings=\"{&quot;ekit_we_effect_on&quot;:&quot;none&quot;}\" data-widget_type=\"counter.default\">\n\t\t\t\t<div class=\"elementor-widget-container\">\n\t\t\t\t\t<div class=\"elementor-counter\">\n\t\t\t<div class=\"elementor-counter-title\">Superficies<\/div>\t\t\t<div class=\"elementor-counter-number-wrapper\">\n\t\t\t\t<span class=\"elementor-counter-number-prefix\"><\/span>\n\t\t\t\t<span class=\"elementor-counter-number\" data-duration=\"2000\" data-to-value=\"5000\" data-from-value=\"0\" data-delimiter=\",\">0<\/span>\n\t\t\t\t<span class=\"elementor-counter-number-suffix\">m\u00b2<\/span>\n\t\t\t<\/div>\n\t\t<\/div>\n\t\t\t\t<\/div>\n\t\t\t\t<\/div>\n\t\t\t\t\t<\/div>\n\t\t<\/div>\n\t\t\t\t<div class=\"elementor-column elementor-col-25 elementor-inner-column elementor-element elementor-element-8baac7b\" data-id=\"8baac7b\" data-element_type=\"column\">\n\t\t\t<div class=\"elementor-widget-wrap elementor-element-populated\">\n\t\t\t\t\t\t<div class=\"elementor-element elementor-element-48efa23 elementor-widget elementor-widget-counter\" data-id=\"48efa23\" data-element_type=\"widget\" data-settings=\"{&quot;ekit_we_effect_on&quot;:&quot;none&quot;}\" data-widget_type=\"counter.default\">\n\t\t\t\t<div class=\"elementor-widget-container\">\n\t\t\t\t\t<div class=\"elementor-counter\">\n\t\t\t<div class=\"elementor-counter-title\">Appartements<\/div>\t\t\t<div class=\"elementor-counter-number-wrapper\">\n\t\t\t\t<span class=\"elementor-counter-number-prefix\"><\/span>\n\t\t\t\t<span class=\"elementor-counter-number\" data-duration=\"2000\" data-to-value=\"900\" data-from-value=\"0\" data-delimiter=\",\">0<\/span>\n\t\t\t\t<span class=\"elementor-counter-number-suffix\"><\/span>\n\t\t\t<\/div>\n\t\t<\/div>\n\t\t\t\t<\/div>\n\t\t\t\t<\/div>\n\t\t\t\t\t<\/div>\n\t\t<\/div>\n\t\t\t\t<div class=\"elementor-column elementor-col-25 elementor-inner-column elementor-element elementor-element-0b07439\" data-id=\"0b07439\" data-element_type=\"column\">\n\t\t\t<div class=\"elementor-widget-wrap elementor-element-populated\">\n\t\t\t\t\t\t<div class=\"elementor-element elementor-element-d37d2b2 elementor-widget elementor-widget-counter\" data-id=\"d37d2b2\" data-element_type=\"widget\" data-settings=\"{&quot;ekit_we_effect_on&quot;:&quot;none&quot;}\" data-widget_type=\"counter.default\">\n\t\t\t\t<div class=\"elementor-widget-container\">\n\t\t\t\t\t<div class=\"elementor-counter\">\n\t\t\t<div class=\"elementor-counter-title\">Magasins<\/div>\t\t\t<div class=\"elementor-counter-number-wrapper\">\n\t\t\t\t<span class=\"elementor-counter-number-prefix\"><\/span>\n\t\t\t\t<span class=\"elementor-counter-number\" data-duration=\"2000\" data-to-value=\"45\" data-from-value=\"0\" data-delimiter=\",\">0<\/span>\n\t\t\t\t<span class=\"elementor-counter-number-suffix\"><\/span>\n\t\t\t<\/div>\n\t\t<\/div>\n\t\t\t\t<\/div>\n\t\t\t\t<\/div>\n\t\t\t\t\t<\/div>\n\t\t<\/div>\n\t\t\t\t<div class=\"elementor-column elementor-col-25 elementor-inner-column elementor-element elementor-element-5025631\" data-id=\"5025631\" data-element_type=\"column\">\n\t\t\t<div class=\"elementor-widget-wrap elementor-element-populated\">\n\t\t\t\t\t\t<div class=\"elementor-element elementor-element-2a4d0b5 elementor-widget elementor-widget-counter\" data-id=\"2a4d0b5\" data-element_type=\"widget\" data-settings=\"{&quot;ekit_we_effect_on&quot;:&quot;none&quot;}\" data-widget_type=\"counter.default\">\n\t\t\t\t<div class=\"elementor-widget-container\">\n\t\t\t\t\t<div class=\"elementor-counter\">\n\t\t\t<div class=\"elementor-counter-title\">Projets<\/div>\t\t\t<div class=\"elementor-counter-number-wrapper\">\n\t\t\t\t<span class=\"elementor-counter-number-prefix\"><\/span>\n\t\t\t\t<span class=\"elementor-counter-number\" data-duration=\"2000\" data-to-value=\"3\" data-from-value=\"0\" data-delimiter=\",\">0<\/span>\n\t\t\t\t<span class=\"elementor-counter-number-suffix\"><\/span>\n\t\t\t<\/div>\n\t\t<\/div>\n\t\t\t\t<\/div>\n\t\t\t\t<\/div>\n\t\t\t\t\t<\/div>\n\t\t<\/div>\n\t\t\t\t\t<\/div>\n\t\t<\/section>\n\t\t\t\t\t<\/div>\n\t\t<\/div>\n\t\t\t\t\t<\/div>\n\t\t<\/section>\n\t\t\t\t<section class=\"elementor-section elementor-top-section elementor-element elementor-element-c565c0f elementor-section-stretched elementor-section-boxed elementor-section-height-default elementor-section-height-default wpr-particle-no wpr-jarallax-no wpr-parallax-no wpr-sticky-section-no\" data-id=\"c565c0f\" data-element_type=\"section\" data-settings=\"{&quot;stretch_section&quot;:&quot;section-stretched&quot;,&quot;background_background&quot;:&quot;classic&quot;,&quot;_ha_eqh_enable&quot;:false}\">\n\t\t\t\t\t\t<div class=\"elementor-container elementor-column-gap-extended\">\n\t\t\t\t\t<div class=\"elementor-column elementor-col-100 elementor-top-column elementor-element elementor-element-4f12980\" data-id=\"4f12980\" data-element_type=\"column\" data-settings=\"{&quot;background_background&quot;:&quot;classic&quot;}\">\n\t\t\t<div class=\"elementor-widget-wrap elementor-element-populated\">\n\t\t\t\t\t\t<div class=\"elementor-element elementor-element-3d78056 elementor-widget elementor-widget-apus_element_features_box\" data-id=\"3d78056\" data-element_type=\"widget\" data-settings=\"{&quot;ekit_we_effect_on&quot;:&quot;none&quot;}\" data-widget_type=\"apus_element_features_box.default\">\n\t\t\t\t<div class=\"elementor-widget-container\">\n\t\t\t            <div class=\"widget-features-box  center style1\">\n\n                    <div class=\"row\">\n                                                        <div class=\"item col-xs-6 col-sm-6 col-md-3 col-lg-3\">\n                                    <div class=\"item-inner\">\n\n                                    <div class=\"features-box-image icon\"><i class=\"flaticon-mission\"><\/i><\/div><div class=\"features-box-content\"><h3 class=\"title\"><br>SATISFACTION<\/h3><div class=\"description\">Notre priorit\u00e9 c'est la satisfaction des clients gr\u00e2ce \u00e0 nos diff\u00e9rentes offres<\/div><\/div>\n                                <\/div>\n                            <\/div>\n                                                        <div class=\"item col-xs-6 col-sm-6 col-md-3 col-lg-3\">\n                                    <div class=\"item-inner\">\n\n                                    <div class=\"features-box-image icon\"><i class=\"flaticon-wall\"><\/i><\/div><div class=\"features-box-content\"><h3 class=\"title\"><br> QUALIT\u00c9<\/h3><div class=\"description\">Nous investissons dans les meilleurs mat\u00e9riaux de construction actuelles<br><br><\/div><\/div>\n                                <\/div>\n                            <\/div>\n                                                        <div class=\"item col-xs-6 col-sm-6 col-md-3 col-lg-3\">\n                                    <div class=\"item-inner\">\n\n                                    <div class=\"features-box-image icon\"><i class=\"flaticon-rent\"><\/i><\/div><div class=\"features-box-content\"><h3 class=\"title\"><br>SECURIT\u00c9<\/h3><div class=\"description\">Nos constructions respectent les normes de s\u00e9curit\u00e9 internationales<\/div><\/div>\n                                <\/div>\n                            <\/div>\n                                                        <div class=\"item col-xs-6 col-sm-6 col-md-3 col-lg-3\">\n                                    <div class=\"item-inner\">\n\n                                    <div class=\"features-box-image icon\"><i class=\"flaticon-park\"><\/i><\/div><div class=\"features-box-content\"><h3 class=\"title\"><br>BIEN-\u00caTRE<\/h3><div class=\"description\">Nos projets ont bien \u00e9t\u00e9 \u00e9tudi\u00e9s pour r\u00e9pondre parfaitement aux besoins du quotidien<\/div><\/div>\n                                <\/div>\n                            <\/div>\n                                            <\/div>\n\n            <\/div>\n            \t\t<\/div>\n\t\t\t\t<\/div>\n\t\t\t\t\t<\/div>\n\t\t<\/div>\n\t\t\t\t\t<\/div>\n\t\t<\/section>\n\t\t\t\t<\/div>\n\t\t","protected":false},"excerpt":{"rendered":"<p>CHALLENGE LITTAAMIR, groupe immobilier propri\u00e9taire de plusieurs projets \u00e9conomiques, moyens et haut-standings Voir plus Qui sommes-nous ? Challenge Littaamir est un groupe immobilier fond\u00e9 par des professionnels exp\u00e9riment\u00e9s dans le domaine. Soucieux de la qualit\u00e9, le groupe a rapidement acquis une r\u00e9putation d\u2019excellence et de fiabilit\u00e9 et n\u2019a pas tard\u00e9 \u00e0 \u00e9tendre ses activit\u00e9s dans le secteur \u00e9conomique, moyen et haut standing. En accord avec les valeurs de qualit\u00e9 et d\u2019innovation, chaque projet suit des normes strictes et exigeantes en terme de mat\u00e9riaux, d\u2019accessoires, d\u2019\u00e9quipements et de finition irr\u00e9prochable. De la premi\u00e8re visite \u00e0 la livraison, les agents Challenge Littaamir vous offrent une exp\u00e9rience in\u00e9gal\u00e9e. 0 m\u00b2 Superficies 0 Appartements 0 Magasins 0 Projets SATISFACTION Notre priorit\u00e9 c&rsquo;est la satisfaction des clients gr\u00e2ce \u00e0 nos diff\u00e9rentes offres QUALIT\u00c9 Nous investissons dans les meilleurs mat\u00e9riaux de construction actuelles SECURIT\u00c9 Nos constructions respectent les normes de s\u00e9curit\u00e9 internationales BIEN-\u00caTRE Nos projets ont bien \u00e9t\u00e9 \u00e9tudi\u00e9s pour r\u00e9pondre parfaitement aux besoins du quotidien<\/p>\n","protected":false},"author":1,"featured_media":0,"parent":0,"menu_order":0,"comment_status":"closed","ping_status":"closed","template":"","meta":{"inline_featured_image":false,"_joinchat":[],"footnotes":""},"class_list":["post-9623","page","type-page","status-publish","hentry"],"aioseo_notices":[],"_links":{"self":[{"href":"https:\/\/challengelittaamir.ma\/fr\/wp-json\/wp\/v2\/pages\/9623","targetHints":{"allow":["GET"]}}],"collection":[{"href":"https:\/\/challengelittaamir.ma\/fr\/wp-json\/wp\/v2\/pages"}],"about":[{"href":"https:\/\/challengelittaamir.ma\/fr\/wp-json\/wp\/v2\/types\/page"}],"author":[{"embeddable":true,"href":"https:\/\/challengelittaamir.ma\/fr\/wp-json\/wp\/v2\/users\/1"}],"replies":[{"embeddable":true,"href":"https:\/\/challengelittaamir.ma\/fr\/wp-json\/wp\/v2\/comments?post=9623"}],"version-history":[{"count":0,"href":"https:\/\/challengelittaamir.ma\/fr\/wp-json\/wp\/v2\/pages\/9623\/revisions"}],"wp:attachment":[{"href":"https:\/\/challengelittaamir.ma\/fr\/wp-json\/wp\/v2\/media?parent=9623"}],"curies":[{"name":"wp","href":"https:\/\/api.w.org\/{rel}","templated":true}]}}