{"id":8371,"date":"2023-01-06T12:12:17","date_gmt":"2023-01-06T12:12:17","guid":{"rendered":"https:\/\/challengelittaamir.ma\/fr\/?page_id=8371"},"modified":"2023-06-16T16:49:13","modified_gmt":"2023-06-16T16:49:13","slug":"projet-lots-de-terrains","status":"publish","type":"page","link":"https:\/\/challengelittaamir.ma\/fr\/projet-lots-de-terrains\/","title":{"rendered":"Projet Lots De Terrains"},"content":{"rendered":"\t\t<div data-elementor-type=\"wp-page\" data-elementor-id=\"8371\" class=\"elementor elementor-8371\" data-elementor-settings=\"{&quot;ha_cmc_init_switcher&quot;:&quot;no&quot;}\">\n\t\t\t\t\t\t<section class=\"elementor-section elementor-top-section elementor-element elementor-element-14af4d3 elementor-section-stretched elementor-section-full_width elementor-section-height-default elementor-section-height-default wpr-particle-no wpr-jarallax-no wpr-parallax-no wpr-sticky-section-no\" data-id=\"14af4d3\" data-element_type=\"section\" data-settings=\"{&quot;stretch_section&quot;:&quot;section-stretched&quot;,&quot;_ha_eqh_enable&quot;:false}\">\n\t\t\t\t\t\t<div class=\"elementor-container elementor-column-gap-extended\">\n\t\t\t\t\t<div class=\"elementor-column elementor-col-100 elementor-top-column elementor-element elementor-element-8c35721\" data-id=\"8c35721\" data-element_type=\"column\">\n\t\t\t<div class=\"elementor-widget-wrap elementor-element-populated\">\n\t\t\t\t\t\t<div class=\"elementor-element elementor-element-3e1019a elementor-widget elementor-widget-apus_element_revslider\" data-id=\"3e1019a\" data-element_type=\"widget\" data-settings=\"{&quot;ekit_we_effect_on&quot;:&quot;none&quot;}\" data-widget_type=\"apus_element_revslider.default\">\n\t\t\t\t<div class=\"elementor-widget-container\">\n\t\t\t        <div class=\"widget-revslider \">\r\n            \n\t\t\t<!-- START Home 5 REVOLUTION SLIDER 6.6.14 --><p class=\"rs-p-wp-fix\"><\/p>\n\t\t\t<rs-module-wrap id=\"rev_slider_5_1_wrapper\" data-source=\"gallery\" style=\"visibility:hidden;background:transparent;padding:0;\">\n\t\t\t\t<rs-module id=\"rev_slider_5_1\" style=\"\" data-version=\"6.6.14\">\n\t\t\t\t\t<rs-slides style=\"overflow: hidden; position: absolute;\">\n\t\t\t\t\t\t<rs-slide style=\"position: absolute;\" data-key=\"rs-9\" data-title=\"Slide\" data-anim=\"adpr:false;\" data-in=\"o:0;\" data-out=\"a:false;\">\n\t\t\t\t\t\t\t<img fetchpriority=\"high\" decoding=\"async\" src=\"\/\/challengelittaamir.ma\/fr\/wp-content\/plugins\/revslider\/public\/assets\/assets\/dummy.png\" alt=\"\" title=\"image (7)\" width=\"2340\" height=\"1316\" class=\"rev-slidebg tp-rs-img rs-lazyload\" data-lazyload=\"\/\/challengelittaamir.ma\/fr\/wp-content\/uploads\/2023\/02\/image-7.png\" data-parallax=\"off\" data-panzoom=\"d:20000;ss:100;se:120;\" data-no-retina>\n<!--\n\t\t\t\t\t\t\t--><rs-layer\n\t\t\t\t\t\t\t\tid=\"slider-5-slide-9-layer-0\" \n\t\t\t\t\t\t\t\tdata-type=\"text\"\n\t\t\t\t\t\t\t\tdata-rsp_ch=\"on\"\n\t\t\t\t\t\t\t\tdata-xy=\"x:l,c,c,c;xo:20px,0,49px,-7px;yo:410px,328px,239px,222px;\"\n\t\t\t\t\t\t\t\tdata-text=\"w:normal;s:59,48,31,32;l:72,59,40,37;a:center;\"\n\t\t\t\t\t\t\t\tdata-dim=\"w:1185,763px,668px,429px;h:auto,auto,auto,183px;\"\n\t\t\t\t\t\t\t\tdata-frame_999=\"o:0;st:w;\"\n\t\t\t\t\t\t\t\tstyle=\"z-index:5;font-family:'Montserrat';\"\n\t\t\t\t\t\t\t>Lots de terrains en plein centre ville de Skhirat R+2 RDC usage commercial \u00e0 partir de 6000 Dh\/m\u00b2 \n\t\t\t\t\t\t\t<\/rs-layer><!--\n-->\t\t\t\t\t\t<\/rs-slide>\n\t\t\t\t\t<\/rs-slides>\n\t\t\t\t<\/rs-module>\n\t\t\t\t<script>\n\t\t\t\t\tsetREVStartSize({c: 'rev_slider_5_1',rl:[1240,1024,778,480],el:[1080,768,600,520],gw:[1240,1024,778,480],gh:[1080,768,600,520],type:'standard',justify:'',layout:'fullscreen',offsetContainer:'',offset:'',mh:\"0\"});if (window.RS_MODULES!==undefined && window.RS_MODULES.modules!==undefined && window.RS_MODULES.modules[\"revslider51\"]!==undefined) {window.RS_MODULES.modules[\"revslider51\"].once = false;window.revapi5 = undefined;if (window.RS_MODULES.checkMinimal!==undefined) window.RS_MODULES.checkMinimal()}\n\t\t\t\t<\/script>\n\t\t\t<\/rs-module-wrap>\n\t\t\t<!-- END REVOLUTION SLIDER -->\n        <\/div>\r\n        \t\t<\/div>\n\t\t\t\t<\/div>\n\t\t\t\t\t<\/div>\n\t\t<\/div>\n\t\t\t\t\t<\/div>\n\t\t<\/section>\n\t\t\t\t<section class=\"elementor-section elementor-top-section elementor-element elementor-element-a730ed3 elementor-section-boxed elementor-section-height-default elementor-section-height-default wpr-particle-no wpr-jarallax-no wpr-parallax-no wpr-sticky-section-no\" data-id=\"a730ed3\" data-element_type=\"section\" data-settings=\"{&quot;background_background&quot;:&quot;classic&quot;,&quot;_ha_eqh_enable&quot;:false}\">\n\t\t\t\t\t\t<div class=\"elementor-container elementor-column-gap-extended\">\n\t\t\t\t\t<div class=\"elementor-column elementor-col-50 elementor-top-column elementor-element elementor-element-4450035\" data-id=\"4450035\" data-element_type=\"column\" data-settings=\"{&quot;background_background&quot;:&quot;classic&quot;}\">\n\t\t\t<div class=\"elementor-widget-wrap elementor-element-populated\">\n\t\t\t\t\t\t<div class=\"elementor-element elementor-element-fb38e03 elementor-widget elementor-widget-image\" data-id=\"fb38e03\" data-element_type=\"widget\" data-settings=\"{&quot;ekit_we_effect_on&quot;:&quot;none&quot;}\" data-widget_type=\"image.default\">\n\t\t\t\t<div class=\"elementor-widget-container\">\n\t\t\t\t\t\t\t\t\t\t\t\t\t<img decoding=\"async\" width=\"768\" height=\"768\" src=\"https:\/\/challengelittaamir.ma\/fr\/wp-content\/uploads\/2023\/01\/removal.ai_tmp-63ce52348a869_4K4P6P-768x768.png\" class=\"attachment-abolire-gallery-square size-abolire-gallery-square wp-image-9162\" alt=\"\" srcset=\"https:\/\/challengelittaamir.ma\/fr\/wp-content\/uploads\/2023\/01\/removal.ai_tmp-63ce52348a869_4K4P6P-768x768.png 768w, https:\/\/challengelittaamir.ma\/fr\/wp-content\/uploads\/2023\/01\/removal.ai_tmp-63ce52348a869_4K4P6P-150x150.png 150w\" sizes=\"(max-width: 768px) 100vw, 768px\" \/>\t\t\t\t\t\t\t\t\t\t\t\t\t<\/div>\n\t\t\t\t<\/div>\n\t\t\t\t\t<\/div>\n\t\t<\/div>\n\t\t\t\t<div class=\"elementor-column elementor-col-50 elementor-top-column elementor-element elementor-element-63d421b margin-left-65\" data-id=\"63d421b\" data-element_type=\"column\" data-settings=\"{&quot;background_background&quot;:&quot;classic&quot;}\">\n\t\t\t<div class=\"elementor-widget-wrap elementor-element-populated\">\n\t\t\t\t\t\t<div class=\"elementor-element elementor-element-cbcd52a elementor-widget elementor-widget-heading\" data-id=\"cbcd52a\" data-element_type=\"widget\" data-settings=\"{&quot;ekit_we_effect_on&quot;:&quot;none&quot;}\" data-widget_type=\"heading.default\">\n\t\t\t\t<div class=\"elementor-widget-container\">\n\t\t\t<h2 class=\"elementor-heading-title elementor-size-default\">Projet : Les lots de terrains<\/h2>\t\t<\/div>\n\t\t\t\t<\/div>\n\t\t\t\t<div class=\"elementor-element elementor-element-325b473 elementor-widget elementor-widget-heading\" data-id=\"325b473\" data-element_type=\"widget\" data-settings=\"{&quot;ekit_we_effect_on&quot;:&quot;none&quot;}\" data-widget_type=\"heading.default\">\n\t\t\t\t<div class=\"elementor-widget-container\">\n\t\t\t<h3 class=\"elementor-heading-title elementor-size-default\">Lots de terrain en plein centre ville de Skhirat R+2 avec rez-de-chauss\u00e9e usage commercial.\n<br>\nLes superficies des lots vont de 80 m\u00b2 \u00e0 104 m\u00b2 \u00e0 partir de 6000 Dh\/m\u00b2 .\n\n<\/h3>\t\t<\/div>\n\t\t\t\t<\/div>\n\t\t\t\t<div class=\"elementor-element elementor-element-26bfabb elementor-widget elementor-widget-text-editor\" data-id=\"26bfabb\" data-element_type=\"widget\" data-settings=\"{&quot;ekit_we_effect_on&quot;:&quot;none&quot;}\" data-widget_type=\"text-editor.default\">\n\t\t\t\t<div class=\"elementor-widget-container\">\n\t\t\t\t\t\t\t<b>Supercifie :<\/b> <br>\n35 unit\u00e9s : 80 m\u00e8tres carr\u00e9<br>\n4 unit\u00e9s   : 104 m\u00e8tres carr\u00e9<br>\nTotal des terrains \u00e0 vendre : 39 <br>\n<br>\n<b>Rez-de-chauss\u00e9e :<\/b> Usage local commercial\n<br>\n<b>Prix :<\/b> 6000 MAD \u00e0 8000 MAD le m\u00e8tre carr\u00e9 <br>\n<b>Type :<\/b> Lots de terrains pour R+2  \t\t\t\t\t\t<\/div>\n\t\t\t\t<\/div>\n\t\t\t\t\t<\/div>\n\t\t<\/div>\n\t\t\t\t\t<\/div>\n\t\t<\/section>\n\t\t\t\t<section class=\"elementor-section elementor-top-section elementor-element elementor-element-501f000 elementor-section-stretched elementor-section-boxed elementor-section-height-default elementor-section-height-default wpr-particle-no wpr-jarallax-no wpr-parallax-no wpr-sticky-section-no\" data-id=\"501f000\" data-element_type=\"section\" data-settings=\"{&quot;stretch_section&quot;:&quot;section-stretched&quot;,&quot;background_background&quot;:&quot;classic&quot;,&quot;_ha_eqh_enable&quot;:false}\">\n\t\t\t\t\t\t<div class=\"elementor-container elementor-column-gap-default\">\n\t\t\t\t\t<div class=\"elementor-column elementor-col-100 elementor-top-column elementor-element elementor-element-ddb111c\" data-id=\"ddb111c\" data-element_type=\"column\">\n\t\t\t<div class=\"elementor-widget-wrap elementor-element-populated\">\n\t\t\t\t\t\t<div class=\"elementor-element elementor-element-34bc657 elementor-widget elementor-widget-heading\" data-id=\"34bc657\" data-element_type=\"widget\" data-settings=\"{&quot;ekit_we_effect_on&quot;:&quot;none&quot;}\" data-widget_type=\"heading.default\">\n\t\t\t\t<div class=\"elementor-widget-container\">\n\t\t\t<h4 class=\"elementor-heading-title elementor-size-default\">GALLERY<\/h4>\t\t<\/div>\n\t\t\t\t<\/div>\n\t\t\t\t<div class=\"elementor-element elementor-element-cc95524 elementor-widget-divider--view-line elementor-widget elementor-widget-divider\" data-id=\"cc95524\" data-element_type=\"widget\" data-settings=\"{&quot;ekit_we_effect_on&quot;:&quot;none&quot;}\" data-widget_type=\"divider.default\">\n\t\t\t\t<div class=\"elementor-widget-container\">\n\t\t\t\t\t<div class=\"elementor-divider\">\n\t\t\t<span class=\"elementor-divider-separator\">\n\t\t\t\t\t\t<\/span>\n\t\t<\/div>\n\t\t\t\t<\/div>\n\t\t\t\t<\/div>\n\t\t\t\t\t<\/div>\n\t\t<\/div>\n\t\t\t\t\t<\/div>\n\t\t<\/section>\n\t\t\t\t<section class=\"elementor-section elementor-top-section elementor-element elementor-element-dbb6410 elementor-section-stretched elementor-section-full_width elementor-section-height-default elementor-section-height-default wpr-particle-no wpr-jarallax-no wpr-parallax-no wpr-sticky-section-no\" data-id=\"dbb6410\" data-element_type=\"section\" data-settings=\"{&quot;stretch_section&quot;:&quot;section-stretched&quot;,&quot;_ha_eqh_enable&quot;:false}\">\n\t\t\t\t\t\t<div class=\"elementor-container elementor-column-gap-extended\">\n\t\t\t\t\t<div class=\"elementor-column elementor-col-100 elementor-top-column elementor-element elementor-element-d91f392\" data-id=\"d91f392\" data-element_type=\"column\">\n\t\t\t<div class=\"elementor-widget-wrap elementor-element-populated\">\n\t\t\t\t\t\t<div class=\"elementor-element elementor-element-905b086 elementor-widget elementor-widget-apus_element_gallery\" data-id=\"905b086\" data-element_type=\"widget\" data-settings=\"{&quot;ekit_we_effect_on&quot;:&quot;none&quot;}\" data-widget_type=\"apus_element_gallery.default\">\n\t\t\t\t<div class=\"elementor-widget-container\">\n\t\t\t        <div class=\"widget-gallery  grid style1\">\n                        <div class=\"inner\">\n                                    <div class=\"row\">\n                                                    <div class=\"col-md-4 col-sm-4 col-xs-6\">\n                                <a href=\"https:\/\/challengelittaamir.ma\/fr\/wp-content\/uploads\/2023\/01\/galerie3-1.jpg\" class=\"\" data-elementor-lightbox-slideshow=\"gallery-bYYwO\">\n                                    <div class=\"image-wrapper\"><img decoding=\"async\" width=\"768\" height=\"768\" src=\"https:\/\/challengelittaamir.ma\/fr\/wp-content\/uploads\/2023\/01\/galerie3-1-768x768.jpg\" class=\"attachment-abolire-gallery-square size-abolire-gallery-square\" alt=\"\" srcset=\"https:\/\/challengelittaamir.ma\/fr\/wp-content\/uploads\/2023\/01\/galerie3-1-768x768.jpg 768w, https:\/\/challengelittaamir.ma\/fr\/wp-content\/uploads\/2023\/01\/galerie3-1-150x150.jpg 150w\" sizes=\"(max-width: 768px) 100vw, 768px\" \/><\/div>                                <\/a>\n                            <\/div>\n                                                    <div class=\"col-md-4 col-sm-4 col-xs-6\">\n                                <a href=\"https:\/\/challengelittaamir.ma\/fr\/wp-content\/uploads\/2023\/01\/galerie-4-1.jpg\" class=\"\" data-elementor-lightbox-slideshow=\"gallery-bYYwO\">\n                                    <div class=\"image-wrapper\"><img loading=\"lazy\" decoding=\"async\" width=\"768\" height=\"768\" src=\"https:\/\/challengelittaamir.ma\/fr\/wp-content\/uploads\/2023\/01\/galerie-4-1-768x768.jpg\" class=\"attachment-abolire-gallery-square size-abolire-gallery-square\" alt=\"\" srcset=\"https:\/\/challengelittaamir.ma\/fr\/wp-content\/uploads\/2023\/01\/galerie-4-1-768x768.jpg 768w, https:\/\/challengelittaamir.ma\/fr\/wp-content\/uploads\/2023\/01\/galerie-4-1-150x150.jpg 150w\" sizes=\"(max-width: 768px) 100vw, 768px\" \/><\/div>                                <\/a>\n                            <\/div>\n                                                    <div class=\"col-md-4 col-sm-4 col-xs-6\">\n                                <a href=\"https:\/\/challengelittaamir.ma\/fr\/wp-content\/uploads\/2023\/01\/Galerie-1-1.jpg\" class=\"\" data-elementor-lightbox-slideshow=\"gallery-bYYwO\">\n                                    <div class=\"image-wrapper\"><img loading=\"lazy\" decoding=\"async\" width=\"768\" height=\"768\" src=\"https:\/\/challengelittaamir.ma\/fr\/wp-content\/uploads\/2023\/01\/Galerie-1-1-768x768.jpg\" class=\"attachment-abolire-gallery-square size-abolire-gallery-square\" alt=\"\" srcset=\"https:\/\/challengelittaamir.ma\/fr\/wp-content\/uploads\/2023\/01\/Galerie-1-1-768x768.jpg 768w, https:\/\/challengelittaamir.ma\/fr\/wp-content\/uploads\/2023\/01\/Galerie-1-1-150x150.jpg 150w\" sizes=\"(max-width: 768px) 100vw, 768px\" \/><\/div>                                <\/a>\n                            <\/div>\n                                            <\/div>\n                                <\/div>\n        <\/div>\n        \t\t<\/div>\n\t\t\t\t<\/div>\n\t\t\t\t\t<\/div>\n\t\t<\/div>\n\t\t\t\t\t<\/div>\n\t\t<\/section>\n\t\t\t\t<section class=\"elementor-section elementor-top-section elementor-element elementor-element-32d4765f elementor-section-full_width elementor-section-stretched elementor-section-height-default elementor-section-height-default wpr-particle-no wpr-jarallax-no wpr-parallax-no wpr-sticky-section-no\" data-id=\"32d4765f\" data-element_type=\"section\" data-settings=\"{&quot;stretch_section&quot;:&quot;section-stretched&quot;,&quot;_ha_eqh_enable&quot;:false}\">\n\t\t\t\t\t\t<div class=\"elementor-container elementor-column-gap-default\">\n\t\t\t\t\t<div class=\"elementor-column elementor-col-100 elementor-top-column elementor-element elementor-element-359e3e24\" data-id=\"359e3e24\" data-element_type=\"column\">\n\t\t\t<div class=\"elementor-widget-wrap elementor-element-populated\">\n\t\t\t\t\t\t<div class=\"elementor-element elementor-element-493dacf elementor-widget elementor-widget-heading\" data-id=\"493dacf\" data-element_type=\"widget\" data-settings=\"{&quot;ekit_we_effect_on&quot;:&quot;none&quot;}\" data-widget_type=\"heading.default\">\n\t\t\t\t<div class=\"elementor-widget-container\">\n\t\t\t<h2 class=\"elementor-heading-title elementor-size-default\">Les plans des terrains<\/h2>\t\t<\/div>\n\t\t\t\t<\/div>\n\t\t\t\t<div class=\"elementor-element elementor-element-d2c7419 elementor-widget-divider--view-line elementor-widget elementor-widget-divider\" data-id=\"d2c7419\" data-element_type=\"widget\" data-settings=\"{&quot;ekit_we_effect_on&quot;:&quot;none&quot;}\" data-widget_type=\"divider.default\">\n\t\t\t\t<div class=\"elementor-widget-container\">\n\t\t\t\t\t<div class=\"elementor-divider\">\n\t\t\t<span class=\"elementor-divider-separator\">\n\t\t\t\t\t\t<\/span>\n\t\t<\/div>\n\t\t\t\t<\/div>\n\t\t\t\t<\/div>\n\t\t\t\t\t<\/div>\n\t\t<\/div>\n\t\t\t\t\t<\/div>\n\t\t<\/section>\n\t\t\t\t<section class=\"elementor-section elementor-top-section elementor-element elementor-element-815c5ec elementor-section-full_width elementor-section-stretched elementor-section-height-default elementor-section-height-default wpr-particle-no wpr-jarallax-no wpr-parallax-no wpr-sticky-section-no\" data-id=\"815c5ec\" data-element_type=\"section\" data-settings=\"{&quot;stretch_section&quot;:&quot;section-stretched&quot;,&quot;_ha_eqh_enable&quot;:false}\">\n\t\t\t\t\t\t<div class=\"elementor-container elementor-column-gap-default\">\n\t\t\t\t\t<div class=\"elementor-column elementor-col-100 elementor-top-column elementor-element elementor-element-b158caa\" data-id=\"b158caa\" data-element_type=\"column\">\n\t\t\t<div class=\"elementor-widget-wrap elementor-element-populated\">\n\t\t\t\t\t\t<div class=\"elementor-element elementor-element-bc43e31 apus-gallery-h1 elementor-widget elementor-widget-apus_element_gallery\" data-id=\"bc43e31\" data-element_type=\"widget\" data-settings=\"{&quot;ekit_we_effect_on&quot;:&quot;none&quot;}\" data-widget_type=\"apus_element_gallery.default\">\n\t\t\t\t<div class=\"elementor-widget-container\">\n\t\t\t        <div class=\"widget-gallery  carousel style1\">\n                        <div class=\"inner\">\n                                    <div class=\"slick-carousel\" data-items=\"4\"\n                        data-large=\"4\"\n                        data-smallmedium=\"2\"\n                        data-extrasmall=\"1\"\n                        data-pagination=\"false\"\n                        data-nav=\"false\"\n                        data-rows=\"1\" data-infinite=\"true\"\n                        data-autoplay=\"true\">\n\n                                                    <a href=\"https:\/\/challengelittaamir.ma\/fr\/wp-content\/uploads\/2023\/01\/planexemple.jpg\" class=\"\" data-elementor-lightbox-slideshow=\"gallery-G7fac\">\n                                <div class=\"image-wrapper\"><img loading=\"lazy\" decoding=\"async\" width=\"1920\" height=\"1358\" src=\"https:\/\/challengelittaamir.ma\/fr\/wp-content\/uploads\/2023\/01\/planexemple.jpg\" class=\"attachment-full size-full\" alt=\"\" srcset=\"https:\/\/challengelittaamir.ma\/fr\/wp-content\/uploads\/2023\/01\/planexemple.jpg 1920w, https:\/\/challengelittaamir.ma\/fr\/wp-content\/uploads\/2023\/01\/planexemple-300x212.jpg 300w, https:\/\/challengelittaamir.ma\/fr\/wp-content\/uploads\/2023\/01\/planexemple-1024x724.jpg 1024w, https:\/\/challengelittaamir.ma\/fr\/wp-content\/uploads\/2023\/01\/planexemple-768x543.jpg 768w, https:\/\/challengelittaamir.ma\/fr\/wp-content\/uploads\/2023\/01\/planexemple-1536x1086.jpg 1536w, https:\/\/challengelittaamir.ma\/fr\/wp-content\/uploads\/2023\/01\/planexemple-2048x1448.jpg 2048w\" sizes=\"(max-width: 1920px) 100vw, 1920px\" \/><\/div>                            <\/a>\n                                                    <a href=\"https:\/\/challengelittaamir.ma\/fr\/wp-content\/uploads\/2023\/01\/planexemple-1.jpg\" class=\"\" data-elementor-lightbox-slideshow=\"gallery-G7fac\">\n                                <div class=\"image-wrapper\"><img loading=\"lazy\" decoding=\"async\" width=\"1920\" height=\"1358\" src=\"https:\/\/challengelittaamir.ma\/fr\/wp-content\/uploads\/2023\/01\/planexemple-1.jpg\" class=\"attachment-full size-full\" alt=\"\" srcset=\"https:\/\/challengelittaamir.ma\/fr\/wp-content\/uploads\/2023\/01\/planexemple-1.jpg 1920w, https:\/\/challengelittaamir.ma\/fr\/wp-content\/uploads\/2023\/01\/planexemple-1-300x212.jpg 300w, https:\/\/challengelittaamir.ma\/fr\/wp-content\/uploads\/2023\/01\/planexemple-1-1024x724.jpg 1024w, https:\/\/challengelittaamir.ma\/fr\/wp-content\/uploads\/2023\/01\/planexemple-1-768x543.jpg 768w, https:\/\/challengelittaamir.ma\/fr\/wp-content\/uploads\/2023\/01\/planexemple-1-1536x1086.jpg 1536w, https:\/\/challengelittaamir.ma\/fr\/wp-content\/uploads\/2023\/01\/planexemple-1-2048x1448.jpg 2048w\" sizes=\"(max-width: 1920px) 100vw, 1920px\" \/><\/div>                            <\/a>\n                                                    <a href=\"https:\/\/challengelittaamir.ma\/fr\/wp-content\/uploads\/2023\/01\/planexemple-3.jpg\" class=\"\" data-elementor-lightbox-slideshow=\"gallery-G7fac\">\n                                <div class=\"image-wrapper\"><img loading=\"lazy\" decoding=\"async\" width=\"1920\" height=\"1358\" src=\"https:\/\/challengelittaamir.ma\/fr\/wp-content\/uploads\/2023\/01\/planexemple-3.jpg\" class=\"attachment-full size-full\" alt=\"\" srcset=\"https:\/\/challengelittaamir.ma\/fr\/wp-content\/uploads\/2023\/01\/planexemple-3.jpg 1920w, https:\/\/challengelittaamir.ma\/fr\/wp-content\/uploads\/2023\/01\/planexemple-3-300x212.jpg 300w, https:\/\/challengelittaamir.ma\/fr\/wp-content\/uploads\/2023\/01\/planexemple-3-1024x724.jpg 1024w, https:\/\/challengelittaamir.ma\/fr\/wp-content\/uploads\/2023\/01\/planexemple-3-768x543.jpg 768w, https:\/\/challengelittaamir.ma\/fr\/wp-content\/uploads\/2023\/01\/planexemple-3-1536x1086.jpg 1536w, https:\/\/challengelittaamir.ma\/fr\/wp-content\/uploads\/2023\/01\/planexemple-3-2048x1448.jpg 2048w\" sizes=\"(max-width: 1920px) 100vw, 1920px\" \/><\/div>                            <\/a>\n                                                    <a href=\"https:\/\/challengelittaamir.ma\/fr\/wp-content\/uploads\/2023\/01\/planexemple-2.jpg\" class=\"\" data-elementor-lightbox-slideshow=\"gallery-G7fac\">\n                                <div class=\"image-wrapper\"><img loading=\"lazy\" decoding=\"async\" width=\"1920\" height=\"1358\" src=\"https:\/\/challengelittaamir.ma\/fr\/wp-content\/uploads\/2023\/01\/planexemple-2.jpg\" class=\"attachment-full size-full\" alt=\"\" srcset=\"https:\/\/challengelittaamir.ma\/fr\/wp-content\/uploads\/2023\/01\/planexemple-2.jpg 1920w, https:\/\/challengelittaamir.ma\/fr\/wp-content\/uploads\/2023\/01\/planexemple-2-300x212.jpg 300w, https:\/\/challengelittaamir.ma\/fr\/wp-content\/uploads\/2023\/01\/planexemple-2-1024x724.jpg 1024w, https:\/\/challengelittaamir.ma\/fr\/wp-content\/uploads\/2023\/01\/planexemple-2-768x543.jpg 768w, https:\/\/challengelittaamir.ma\/fr\/wp-content\/uploads\/2023\/01\/planexemple-2-1536x1086.jpg 1536w, https:\/\/challengelittaamir.ma\/fr\/wp-content\/uploads\/2023\/01\/planexemple-2-2048x1448.jpg 2048w\" sizes=\"(max-width: 1920px) 100vw, 1920px\" \/><\/div>                            <\/a>\n                        \n                    <\/div>\n                            <\/div>\n        <\/div>\n        \t\t<\/div>\n\t\t\t\t<\/div>\n\t\t\t\t\t<\/div>\n\t\t<\/div>\n\t\t\t\t\t<\/div>\n\t\t<\/section>\n\t\t\t\t<section class=\"elementor-section elementor-top-section elementor-element elementor-element-2d9bcce elementor-section-boxed elementor-section-height-default elementor-section-height-default wpr-particle-no wpr-jarallax-no wpr-parallax-no wpr-sticky-section-no\" data-id=\"2d9bcce\" data-element_type=\"section\" data-settings=\"{&quot;_ha_eqh_enable&quot;:false}\">\n\t\t\t\t\t\t<div class=\"elementor-container elementor-column-gap-default\">\n\t\t\t\t\t<div class=\"elementor-column elementor-col-100 elementor-top-column elementor-element elementor-element-79c381e\" data-id=\"79c381e\" data-element_type=\"column\">\n\t\t\t<div class=\"elementor-widget-wrap elementor-element-populated\">\n\t\t\t\t\t\t<div class=\"elementor-element elementor-element-327c173 elementor-widget elementor-widget-spacer\" data-id=\"327c173\" data-element_type=\"widget\" data-settings=\"{&quot;ekit_we_effect_on&quot;:&quot;none&quot;}\" data-widget_type=\"spacer.default\">\n\t\t\t\t<div class=\"elementor-widget-container\">\n\t\t\t\t\t<div class=\"elementor-spacer\">\n\t\t\t<div class=\"elementor-spacer-inner\"><\/div>\n\t\t<\/div>\n\t\t\t\t<\/div>\n\t\t\t\t<\/div>\n\t\t\t\t\t<\/div>\n\t\t<\/div>\n\t\t\t\t\t<\/div>\n\t\t<\/section>\n\t\t\t\t<\/div>\n\t\t","protected":false},"excerpt":{"rendered":"<p>Projet : Les lots de terrains Lots de terrain en plein centre ville de Skhirat R+2 avec rez-de-chauss\u00e9e usage commercial. Les superficies des lots vont de 80 m\u00b2 \u00e0 104 m\u00b2 \u00e0 partir de 6000 Dh\/m\u00b2 . Supercifie : 35 unit\u00e9s : 80 m\u00e8tres carr\u00e9 4 unit\u00e9s : 104 m\u00e8tres carr\u00e9 Total des terrains \u00e0 vendre : 39 Rez-de-chauss\u00e9e : Usage local commercial Prix : 6000 MAD \u00e0 8000 MAD le m\u00e8tre carr\u00e9 Type : Lots de terrains pour R+2 GALLERY Les plans des terrains<\/p>\n","protected":false},"author":1,"featured_media":0,"parent":0,"menu_order":0,"comment_status":"closed","ping_status":"closed","template":"","meta":{"inline_featured_image":false,"_joinchat":[],"footnotes":""},"class_list":["post-8371","page","type-page","status-publish","hentry"],"aioseo_notices":[],"_links":{"self":[{"href":"https:\/\/challengelittaamir.ma\/fr\/wp-json\/wp\/v2\/pages\/8371","targetHints":{"allow":["GET"]}}],"collection":[{"href":"https:\/\/challengelittaamir.ma\/fr\/wp-json\/wp\/v2\/pages"}],"about":[{"href":"https:\/\/challengelittaamir.ma\/fr\/wp-json\/wp\/v2\/types\/page"}],"author":[{"embeddable":true,"href":"https:\/\/challengelittaamir.ma\/fr\/wp-json\/wp\/v2\/users\/1"}],"replies":[{"embeddable":true,"href":"https:\/\/challengelittaamir.ma\/fr\/wp-json\/wp\/v2\/comments?post=8371"}],"version-history":[{"count":3,"href":"https:\/\/challengelittaamir.ma\/fr\/wp-json\/wp\/v2\/pages\/8371\/revisions"}],"predecessor-version":[{"id":10367,"href":"https:\/\/challengelittaamir.ma\/fr\/wp-json\/wp\/v2\/pages\/8371\/revisions\/10367"}],"wp:attachment":[{"href":"https:\/\/challengelittaamir.ma\/fr\/wp-json\/wp\/v2\/media?parent=8371"}],"curies":[{"name":"wp","href":"https:\/\/api.w.org\/{rel}","templated":true}]}}